{"id":56,"date":"2025-03-04T14:52:33","date_gmt":"2025-03-04T13:52:33","guid":{"rendered":"https:\/\/pssarp.instawp.xyz\/impressum\/"},"modified":"2025-06-13T14:02:38","modified_gmt":"2025-06-13T12:02:38","slug":"amprenta","status":"publish","type":"page","link":"https:\/\/pssarp.eu\/ro\/amprenta\/","title":{"rendered":"Imprint"},"content":{"rendered":"<p>Europe Unlimited e.V.<br>Am Dorfweg 2<br>52525 Heinsberg<\/p>\n\n\n\n<p>Registrul asocia\u021biilor: 5515<br>Instan\u021ba de \u00eenregistrare: Tribunalul local Aachen<\/p>\n\n\n\n<p><strong>Reprezentat\u0103 de:<\/strong><br>Director general Dirk Leisten<\/p>\n\n\n\n<h2 class=\"wp-block-heading\">Contacta\u021bi-ne<\/h2>\n\n\n\n<p>Telefon: +49 177 5276108<br>E-mail: kontakt@europe-unlimited.org<\/p>\n\n\n\n<h2 class=\"wp-block-heading\">Solu\u021bionarea litigiilor \u00een cadrul UE<\/h2>\n\n\n\n<p>Comisia European\u0103 pune la dispozi\u021bie o platform\u0103 pentru solu\u021bionarea online a litigiilor (OS): <a href=\"https:\/\/ec.europa.eu\/consumers\/odr\/\" target=\"_blank\" rel=\"noreferrer noopener\">https:\/\/ec.europa.eu\/consumers\/odr\/<\/a>.<br>Pute\u021bi g\u0103si adresa noastr\u0103 de e-mail \u00een notificarea legal\u0103 de mai sus.<\/p>\n\n\n\n<h2 class=\"wp-block-heading\">Solu\u021bionarea litigiilor \u00een materie de consum\/centrul universal de arbitraj<\/h2>\n\n\n\n<p>Nu suntem dispu\u0219i sau obliga\u021bi s\u0103 particip\u0103m la procedurile de solu\u021bionare a litigiilor \u00een fa\u021ba unei comisii de arbitraj a consumatorilor.<\/p>","protected":false},"excerpt":{"rendered":"<p>Europe Unlimited e.V.Am Dorfweg 252525 Heinsberg Vereinsregister: 5515Registergericht: Amtsgericht Aachen Reprezentat de: Director general Dirk Leisten Telefon de contact: +49 177 5276108Email: kontakt@europe-unlimited.org Solu\u021bionarea litigiilor UE Comisia European\u0103 pune la dispozi\u021bie o platform\u0103 pentru solu\u021bionarea online a litigiilor (OS): https:\/\/ec.europa.eu\/consumers\/odr\/.Unsere Adresa de e-mail de mai sus o g\u0103si\u021bi \u00een avizul juridic. Solu\u021bionarea litigiilor \u00een materie de consum\/comisie de arbitraj universal\u0103 Nu suntem dispu\u0219i sau obliga\u021bi s\u0103 particip\u0103m la proceduri de solu\u021bionare a litigiilor \u00een fa\u021ba unei comisii de arbitraj \u00een materie de consum.<\/p>","protected":false},"author":4,"featured_media":0,"parent":0,"menu_order":7,"comment_status":"closed","ping_status":"closed","template":"","meta":{"_acf_changed":false,"footnotes":""},"class_list":["post-56","page","type-page","status-publish","hentry"],"acf":[],"_links":{"self":[{"href":"https:\/\/pssarp.eu\/ro\/wp-json\/wp\/v2\/pages\/56","targetHints":{"allow":["GET"]}}],"collection":[{"href":"https:\/\/pssarp.eu\/ro\/wp-json\/wp\/v2\/pages"}],"about":[{"href":"https:\/\/pssarp.eu\/ro\/wp-json\/wp\/v2\/types\/page"}],"author":[{"embeddable":true,"href":"https:\/\/pssarp.eu\/ro\/wp-json\/wp\/v2\/users\/4"}],"replies":[{"embeddable":true,"href":"https:\/\/pssarp.eu\/ro\/wp-json\/wp\/v2\/comments?post=56"}],"version-history":[{"count":3,"href":"https:\/\/pssarp.eu\/ro\/wp-json\/wp\/v2\/pages\/56\/revisions"}],"predecessor-version":[{"id":384,"href":"https:\/\/pssarp.eu\/ro\/wp-json\/wp\/v2\/pages\/56\/revisions\/384"}],"wp:attachment":[{"href":"https:\/\/pssarp.eu\/ro\/wp-json\/wp\/v2\/media?parent=56"}],"curies":[{"name":"wp","href":"https:\/\/api.w.org\/{rel}","templated":true}]}}